{"id":121,"date":"2016-09-16T21:56:31","date_gmt":"2016-09-16T21:56:31","guid":{"rendered":"http:\/\/paintball-ce.si\/?page_id=121"},"modified":"2016-09-16T21:58:38","modified_gmt":"2016-09-16T21:58:38","slug":"nase-igrisce","status":"publish","type":"page","link":"https:\/\/paintball-ce.si\/?page_id=121","title":{"rendered":"Na\u0161e igri\u0161\u010de"},"content":{"rendered":"<p>[vc_row][vc_column][vc_raw_html]JTNDaWZyYW1lJTIwdGl0bGUlM0QlMjJ2aXJ0dWVsbGVyJTIwMzYwJTIwR3JhZCUyMFJ1bmRnYW5nJTIwdm9uJTIwVklQQU5PJTIyJTIwc3JjJTNEJTIyaHR0cCUzQSUyRiUyRnZpcGFuby5jb20lMkYxMDAwMDExNDglMkYlMkYlMjIlMjB3aWR0aCUzRCUyMjEwMCUyNSUyMiUyMGhlaWdodCUzRCUyMjMyMCUyMiUyMGFsbG93ZnVsbHNjcmVlbiUzRCUyMiUyMiUyMG1vemFsbG93ZnVsbHNjcmVlbiUzRCUyMiUyMiUyMHdlYmtpdGFsbG93ZnVsbHNjcmVlbiUzRCUyMiUyMiUzRSUzQyUyRmlmcmFtZSUzRQ==[\/vc_raw_html][vc_column_text]Preden nas obi\u0161\u010dete si lahko virtualno ogledate na\u0161e igri\u0161\u010de za paintball. \u010ce vam je videno pov\u0161e\u010di nas kontaktirajte.[\/vc_column_text][\/vc_column][\/vc_row]<\/p>\n","protected":false},"excerpt":{"rendered":"<p>[vc_row][vc_column][vc_raw_html]JTNDaWZyYW1lJTIwdGl0bGUlM0QlMjJ2aXJ0dWVsbGVyJTIwMzYwJTIwR3JhZCUyMFJ1bmRnYW5nJTIwdm9uJTIwVklQQU5PJTIyJTIwc3JjJTNEJTIyaHR0cCUzQSUyRiUyRnZpcGFuby5jb20lMkYxMDAwMDExNDglMkYlMkYlMjIlMjB3aWR0aCUzRCUyMjEwMCUyNSUyMiUyMGhlaWdodCUzRCUyMjMyMCUyMiUyMGFsbG93ZnVsbHNjcmVlbiUzRCUyMiUyMiUyMG1vemFsbG93ZnVsbHNjcmVlbiUzRCUyMiUyMiUyMHdlYmtpdGFsbG93ZnVsbHNjcmVlbiUzRCUyMiUyMiUzRSUzQyUyRmlmcmFtZSUzRQ==[\/vc_raw_html][vc_column_text]Preden nas obi\u0161\u010dete si lahko virtualno ogledate na\u0161e igri\u0161\u010de za paintball. \u010ce vam je videno pov\u0161e\u010di nas kontaktirajte.[\/vc_column_text][\/vc_column][\/vc_row]<\/p>\n","protected":false},"author":1,"featured_media":0,"parent":0,"menu_order":0,"comment_status":"closed","ping_status":"closed","template":"","meta":[],"_links":{"self":[{"href":"https:\/\/paintball-ce.si\/index.php?rest_route=\/wp\/v2\/pages\/121"}],"collection":[{"href":"https:\/\/paintball-ce.si\/index.php?rest_route=\/wp\/v2\/pages"}],"about":[{"href":"https:\/\/paintball-ce.si\/index.php?rest_route=\/wp\/v2\/types\/page"}],"author":[{"embeddable":true,"href":"https:\/\/paintball-ce.si\/index.php?rest_route=\/wp\/v2\/users\/1"}],"replies":[{"embeddable":true,"href":"https:\/\/paintball-ce.si\/index.php?rest_route=%2Fwp%2Fv2%2Fcomments&post=121"}],"version-history":[{"count":2,"href":"https:\/\/paintball-ce.si\/index.php?rest_route=\/wp\/v2\/pages\/121\/revisions"}],"predecessor-version":[{"id":124,"href":"https:\/\/paintball-ce.si\/index.php?rest_route=\/wp\/v2\/pages\/121\/revisions\/124"}],"wp:attachment":[{"href":"https:\/\/paintball-ce.si\/index.php?rest_route=%2Fwp%2Fv2%2Fmedia&parent=121"}],"curies":[{"name":"wp","href":"https:\/\/api.w.org\/{rel}","templated":true}]}}