{"id":55,"date":"2016-06-13T14:50:15","date_gmt":"2016-06-13T14:50:15","guid":{"rendered":"http:\/\/paintball-ce.si\/paintnew\/?page_id=55"},"modified":"2022-10-25T11:05:47","modified_gmt":"2022-10-25T11:05:47","slug":"paintball-za-otroke","status":"publish","type":"page","link":"https:\/\/paintball-ce.si\/?page_id=55","title":{"rendered":"Paintball za otroke"},"content":{"rendered":"<p>[vc_row][vc_column width=&#8221;2\/3&#8243;][vc_column_text]<\/p>\n<h2>Za praznovanje rojstnodnevnih zabav in ostale prilo\u017enosti.<\/h2>\n<p><em>Z leto\u0161njim letom pri\u010denjamo tudi z organizacijo otro\u0161kih rojstnodnevnih zabav po posebaj za to pripravljenem programu, za otroke starosti 7let in ve\u010d.<\/em><\/p>\n<p><strong>V \u010dem se razlikuje otro\u0161ki paintball od klasi\u010dnega paintball-a?<\/strong><\/p>\n<ul>\n<li>Posebni otro\u0161ki markerji, ki izstreljujejo barvne kroglice z manj\u0161o hitrostjo in s pomo\u010djo vzmeti<\/li>\n<li>50 cal paintball kroglice, ki so manj\u0161ega obsega in so prav tako polnjene z barvo<\/li>\n<li>Za\u0161\u010ditne maske primerne mlaj\u0161im igralcem, ki so zelo zra\u010dne in pregledne<\/li>\n<li>Za\u0161\u010ditni kombinizon, ki omogo\u010da breskrbno igro v vseh vremenskih razmerah in obenem nudi \u0161e dodatno za\u0161\u010dito<\/li>\n<\/ul>\n<p>Vodeni program poteka na na\u0161em poligonu na Lopati in je \u010dasovno omejen na 1,5 ure. Na sami lokaciji imate mo\u017enost pogostitve, ki sovpada v navedeni \u010dasovni okvir. (pogostitev in pija\u010da v lastni domeni)<\/p>\n<p><strong>Komu je namenjen otro\u0161ki paintball?<\/strong><\/p>\n<p>Otro\u0161ki paintball je namenjen otrokom do najve\u010d 12. leta starosti. Za vse starej\u0161e imamo v ponudbi enoko, kot do sedaj, klasi\u010dni paintball.<\/p>\n<p>Ve\u010d o klasi\u010dnem paintballu lahko preberete <a href=\"#\">tukaj<\/a>.[\/vc_column_text][vc_separator][\/vc_column][vc_column width=&#8221;1\/3&#8243;][vc_single_image image=&#8221;58&#8243; img_size=&#8221;medium&#8221;][\/vc_column][\/vc_row][vc_row][vc_column width=&#8221;1\/2&#8243;][vc_single_image image=&#8221;61&#8243; img_size=&#8221;full&#8221;][\/vc_column][vc_column width=&#8221;1\/2&#8243;][vc_single_image image=&#8221;62&#8243; img_size=&#8221;large&#8221;][\/vc_column][\/vc_row]<\/p>\n","protected":false},"excerpt":{"rendered":"<p>[vc_row][vc_column width=&#8221;2\/3&#8243;][vc_column_text] Za praznovanje rojstnodnevnih zabav in ostale prilo\u017enosti. Z leto\u0161njim letom pri\u010denjamo tudi z organizacijo otro\u0161kih rojstnodnevnih zabav po posebaj za to pripravljenem programu, za otroke starosti 7let in ve\u010d. V \u010dem se razlikuje otro\u0161ki paintball od klasi\u010dnega paintball-a? Posebni otro\u0161ki markerji, ki izstreljujejo barvne kroglice z manj\u0161o hitrostjo in s pomo\u010djo vzmeti 50 [&hellip;]<\/p>\n","protected":false},"author":1,"featured_media":0,"parent":0,"menu_order":0,"comment_status":"closed","ping_status":"closed","template":"","meta":[],"_links":{"self":[{"href":"https:\/\/paintball-ce.si\/index.php?rest_route=\/wp\/v2\/pages\/55"}],"collection":[{"href":"https:\/\/paintball-ce.si\/index.php?rest_route=\/wp\/v2\/pages"}],"about":[{"href":"https:\/\/paintball-ce.si\/index.php?rest_route=\/wp\/v2\/types\/page"}],"author":[{"embeddable":true,"href":"https:\/\/paintball-ce.si\/index.php?rest_route=\/wp\/v2\/users\/1"}],"replies":[{"embeddable":true,"href":"https:\/\/paintball-ce.si\/index.php?rest_route=%2Fwp%2Fv2%2Fcomments&post=55"}],"version-history":[{"count":7,"href":"https:\/\/paintball-ce.si\/index.php?rest_route=\/wp\/v2\/pages\/55\/revisions"}],"predecessor-version":[{"id":130,"href":"https:\/\/paintball-ce.si\/index.php?rest_route=\/wp\/v2\/pages\/55\/revisions\/130"}],"wp:attachment":[{"href":"https:\/\/paintball-ce.si\/index.php?rest_route=%2Fwp%2Fv2%2Fmedia&parent=55"}],"curies":[{"name":"wp","href":"https:\/\/api.w.org\/{rel}","templated":true}]}}